{"id":145,"date":"2022-12-19T22:26:19","date_gmt":"2022-12-19T21:26:19","guid":{"rendered":"https:\/\/in.vodapoda.eu\/?page_id=145"},"modified":"2023-02-22T20:34:37","modified_gmt":"2023-02-22T19:34:37","slug":"a-1-o-koncepte-poda-uhlikova-a-vodna-banka-krajiny","status":"publish","type":"page","link":"https:\/\/in.vodapoda.eu\/index.php\/a-6-ako-na-to\/a-1-o-koncepte-poda-uhlikova-a-vodna-banka-krajiny\/","title":{"rendered":"Katal\u00f3g opatren\u00ed, rie\u0161en\u00ed a pr\u00edkladov z praxe"},"content":{"rendered":"\n<p>Nako\u013eko existuje cel\u00e1 \u0161k\u00e1la adapta\u010dn\u00fdch, ako aj mana\u017ementov\u00fdch opatren\u00ed, rovnako aj ve\u013ek\u00e1 \u0161k\u00e1la r\u00f4znych u\u017eito\u010dn\u00fdch technol\u00f3gi\u00ed a technologick\u00fdch rie\u0161en\u00ed kategorizovali sme ich do preh\u013eadn\u00e9ho katal\u00f3gu. Ka\u017ed\u00e9 jedno opatrenie a&nbsp;rie\u0161enie obsahuje z\u00e1kladn\u00fd technick\u00fd popis, inform\u00e1ciu o&nbsp;n\u00e1kladoch ich vyhotovenia, \u010di obstarania. Katal\u00f3gov\u00fd list obsahuje aj \u010fal\u0161ie u\u017eito\u010dn\u00e9 inform\u00e1cie. Opatrenia a&nbsp;rie\u0161enia obsahuj\u00fa v&nbsp;mnoh\u00fdch pr\u00edpadoch aj linku na konkr\u00e9tne opatrenia a&nbsp;rie\u0161enia zrealizovan\u00e9 a&nbsp;uplatnen\u00e9 v&nbsp;praxi, v&nbsp;konkr\u00e9tnej lokalite.<\/p>\n\n\n\n<p>Katal\u00f3g opatren\u00ed, rie\u0161en\u00ed a&nbsp;pr\u00edkladov z&nbsp;praxe vznikol v&nbsp;spolupr\u00e1ci so Zdru\u017een\u00edm miest a&nbsp;obc\u00ed Slovenska. Katal\u00f3g spravuje redak\u010dn\u00e1 rada na ktorej \u010dinnos\u0165 dohliada Riadiaci v\u00fdbor p\u00f4dohospod\u00e1rskej znalostnej b\u00e1zy NEXUS. Katal\u00f3g V\u00e1m umo\u017en\u00ed zlep\u0161i\u0165 pl\u00e1novanie potrebn\u00e9 pre pr\u00edpravu a&nbsp;realiz\u00e1ciu adapta\u010dn\u00fdch a&nbsp;mana\u017ementov\u00fdch opatren\u00ed vo Va\u0161ej obci, lokalite \u010di pozemku. Katal\u00f3g je dostupn\u00fd v&nbsp;z\u00e1kladnej \u0161trukt\u00fare na <strong><a href=\"http:\/\/archiv.zmos.sk\/%22\/katalog-opatreni-rieseni-a-prikladov-z-praxe.phtml?id3=49905\" data-type=\"URL\" data-id=\"http:\/\/archiv.zmos.sk\/%22\/katalog-opatreni-rieseni-a-prikladov-z-praxe.phtml?id3=49905\">tejto linke<\/a><\/strong>. Pre zmluvn\u00fdch klientov Uhl\u00edkovej a vodnej banky je dostupn\u00fd v&nbsp;plnej verzii vr\u00e1tane vzorovej dokument\u00e1cie a&nbsp;video manu\u00e1lov.&nbsp;&nbsp; &nbsp;&nbsp;&nbsp;&nbsp;&nbsp;<\/p>\n\n\n\n<p>&nbsp;&nbsp;&nbsp;&nbsp;&nbsp;<\/p>\n\n\n\n<p> <\/p>\n","protected":false},"excerpt":{"rendered":"<p>Nako\u013eko existuje cel\u00e1 \u0161k\u00e1la adapta\u010dn\u00fdch, ako aj mana\u017ementov\u00fdch opatren\u00ed, rovnako aj ve\u013ek\u00e1 \u0161k\u00e1la r\u00f4znych u\u017eito\u010dn\u00fdch technol\u00f3gi\u00ed a technologick\u00fdch rie\u0161en\u00ed kategorizovali sme ich do preh\u013eadn\u00e9ho katal\u00f3gu. Ka\u017ed\u00e9 jedno opatrenie a&nbsp;rie\u0161enie obsahuje z\u00e1kladn\u00fd technick\u00fd popis, inform\u00e1ciu o&nbsp;n\u00e1kladoch ich vyhotovenia, \u010di obstarania. Katal\u00f3gov\u00fd list obsahuje aj \u010fal\u0161ie u\u017eito\u010dn\u00e9 inform\u00e1cie. Opatrenia a&nbsp;rie\u0161enia obsahuj\u00fa v&nbsp;mnoh\u00fdch pr\u00edpadoch aj linku na konkr\u00e9tne&#8230;<\/p>\n","protected":false},"author":1,"featured_media":0,"parent":155,"menu_order":1,"comment_status":"closed","ping_status":"closed","template":"","meta":{"footnotes":""},"class_list":["post-145","page","type-page","status-publish","hentry"],"jetpack_sharing_enabled":true,"_links":{"self":[{"href":"https:\/\/in.vodapoda.eu\/index.php\/wp-json\/wp\/v2\/pages\/145","targetHints":{"allow":["GET"]}}],"collection":[{"href":"https:\/\/in.vodapoda.eu\/index.php\/wp-json\/wp\/v2\/pages"}],"about":[{"href":"https:\/\/in.vodapoda.eu\/index.php\/wp-json\/wp\/v2\/types\/page"}],"author":[{"embeddable":true,"href":"https:\/\/in.vodapoda.eu\/index.php\/wp-json\/wp\/v2\/users\/1"}],"replies":[{"embeddable":true,"href":"https:\/\/in.vodapoda.eu\/index.php\/wp-json\/wp\/v2\/comments?post=145"}],"version-history":[{"count":10,"href":"https:\/\/in.vodapoda.eu\/index.php\/wp-json\/wp\/v2\/pages\/145\/revisions"}],"predecessor-version":[{"id":757,"href":"https:\/\/in.vodapoda.eu\/index.php\/wp-json\/wp\/v2\/pages\/145\/revisions\/757"}],"up":[{"embeddable":true,"href":"https:\/\/in.vodapoda.eu\/index.php\/wp-json\/wp\/v2\/pages\/155"}],"wp:attachment":[{"href":"https:\/\/in.vodapoda.eu\/index.php\/wp-json\/wp\/v2\/media?parent=145"}],"curies":[{"name":"wp","href":"https:\/\/api.w.org\/{rel}","templated":true}]}}