{"id":161,"date":"2022-12-19T22:29:00","date_gmt":"2022-12-19T21:29:00","guid":{"rendered":"https:\/\/in.vodapoda.eu\/?page_id=161"},"modified":"2023-01-29T21:01:52","modified_gmt":"2023-01-29T20:01:52","slug":"a-6-3-zapojenie-sa-do-certifikacneho-systemu-uhlikova-a-vodna-banka","status":"publish","type":"page","link":"https:\/\/in.vodapoda.eu\/index.php\/a-6-ako-na-to\/a-6-3-zapojenie-sa-do-certifikacneho-systemu-uhlikova-a-vodna-banka\/","title":{"rendered":"Zapojenie sa do certifika\u010dn\u00e9ho syst\u00e9mu Uhl\u00edkov\u00e1 a\u00a0vodn\u00e1 banka"},"content":{"rendered":"\n<p>Certifika\u010dn\u00fd syst\u00e9m Uhl\u00edkov\u00e1 a&nbsp;vodn\u00e1 banka predstavuje syst\u00e9mov\u00fd n\u00e1stroj pre udr\u017eanie a obnovu ekosyst\u00e9mov\u00fdch slu\u017eieb p\u00f4dy a&nbsp;krajiny, uhl\u00edkov\u00e9 po\u013enohospod\u00e1rstvo a&nbsp;zvy\u0161ovanie vodoz\u00e1dr\u017enej kapacity p\u00f4dy a&nbsp;\u0161trukt\u00far krajiny. Verejn\u00fdm z\u00e1ujmom je, aby ka\u017ed\u00e1 parcela bola dobre udr\u017eiavan\u00e1, udr\u017eate\u013ene obhospodarovan\u00e1 tak, aby p\u00f4da bola zdrav\u00e1 a prin\u00e1\u0161ala produk\u010dn\u00e9, ako aj ekosyst\u00e9mov\u00e9 \u00fa\u017eitky s\u00fa\u010dasne. Certifika\u010dn\u00fd syst\u00e9m podporuje \u00fasilie u\u017e\u00edvate\u013ea p\u00f4dy, tak v&nbsp;rovine pr\u00edpravy a&nbsp;realiz\u00e1cie adapta\u010dn\u00fdch opatren\u00ed, n\u00e1slednej starostlivosti o&nbsp;tieto opatrenia a&nbsp;\u0161trukt\u00fary krajiny, ako aj v&nbsp;rovine podpory mana\u017ementov\u00fdch opatren\u00ed, ktor\u00e9 zabezpe\u010dia udr\u017eate\u013en\u00e9 vyu\u017e\u00edvanie p\u00f4dy, ochranu a&nbsp;zve\u013ea\u010fovanie jej produk\u010dn\u00e9ho potenci\u00e1lu. <strong>Certifika\u010dn\u00fd syst\u00e9m umo\u017en\u00ed ka\u017ed\u00e9mu u\u017e\u00edvate\u013eovi p\u00f4dy zalo\u017ei\u0165 si \u00fa\u010det v&nbsp;Uhl\u00edkovej a&nbsp;vodnej banke.<\/strong> Vytvorenie \u00fa\u010dtu poskytne u\u017e\u00edvate\u013eovi parcely jednorazov\u00fa, opakovan\u00fa, alebo mimoriadnu finan\u010dn\u00fa podporu \u2013 platbu za ekosyst\u00e9mov\u00fa slu\u017ebu <em>(platba za realiz\u00e1ciu akcie alebo za dosiahnut\u00fd v\u00fdsledok)<\/em>, za jeho z\u00e1v\u00e4zok uplat\u0148ova\u0165 dohodnut\u00e9 postupy a&nbsp;opatrenia na pozemkoch. K&nbsp;podporovan\u00fdm opatreniami patria:<\/p>\n\n\n<ul>\n<li><strong>adapta\u010dn\u00e9 opatrenia <\/strong>na pozemkoch, ktor\u00e9 u\u017e\u00edva<\/li>\n<li><strong>n\u00e1sledn\u00e1 starostlivos\u0165 o zrealizovan\u00e9 adapta\u010dn\u00e9 opatrenia<\/strong><\/li>\n<li><strong>mana\u017ementov\u00e9 opatrenia<\/strong><\/li>\n<\/ul>\n\n\n<p><strong>Certifika\u010dn\u00fd syst\u00e9m poskytne nieko\u013eko \u00farovn\u00ed hodnotenia stavu a&nbsp;zmien zdravia p\u00f4dy, celej parcely, resp. hodnoten\u00e9ho pozemku: <\/strong>vstupn\u00e9 hodnotenie stavu parcely a&nbsp;p\u00f4dy, priebe\u017en\u00e9 hodnotenie, ktor\u00e9 potvrd\u00ed realiz\u00e1ciu dohodnut\u00fdch adapta\u010dn\u00fdch a&nbsp;mana\u017ementov\u00fdch opatren\u00ed, dosiahnut\u00e9 v\u00fdsledky v&nbsp;rovine zlep\u0161enia zdravia p\u00f4dy a&nbsp;celkov\u00e9ho stavu parcely.<\/p>\n\n\n\n<p><strong>Zapojenie parcely do certifika\u010dn\u00e9ho syst\u00e9mu je zna\u010dkou garantovan\u00e9ho dodr\u017eiavania dohodnut\u00fdch udr\u017eate\u013en\u00fdch postupov, \u010d\u00edm sa m\u00f4\u017ee preuk\u00e1za\u0165 tak po\u013enohospod\u00e1r, ako aj potravin\u00e1r pri dokladovan\u00ed udr\u017eate\u013en\u00fdch potravinov\u00fdch syst\u00e9mov.<\/strong><\/p>\n\n\n\n<p><strong>Zapojenie sa do certifika\u010dn\u00e9ho syst\u00e9mu predstavuje<\/strong> pre u\u017e\u00edvate\u013ea p\u00f4dy, samozrejme aj jej vlastn\u00edka a&nbsp;spr\u00e1vcu, <strong>mo\u017enos\u0165 nadobudn\u00fa\u0165 kredity v&nbsp;syst\u00e9me uhl\u00edkov\u00e9ho po\u013enohospod\u00e1rstva a adapt\u00e1cie \u0161trukt\u00fary krajiny na zmeny kl\u00edmy.<\/strong> Kredit bude mo\u017en\u00e9 dr\u017eite\u013eovi okam\u017eite preplati\u0165, resp. vyplati\u0165 za\u0148 primeran\u00fa hodnotu za slu\u017ebu, v&nbsp;r\u00e1mci obchodn\u00fdch vz\u0165ahov. Toto preplatenie hodnoty kreditu umo\u017en\u00ed certifika\u010dn\u00fd syst\u00e9m.&nbsp;&nbsp;&nbsp;<\/p>\n\n\n\n<p>Certifika\u010dn\u00fd syst\u00e9m Uhl\u00edkov\u00e1 a&nbsp;vodn\u00e1 banka je garantom postupov zvy\u0161uj\u00facich vodoz\u00e1dr\u017en\u00fa kapacitu p\u00f4dy a&nbsp;vodoz\u00e1dr\u017en\u00fa kapacitu \u0161trukt\u00far krajiny, \u010do je verejn\u00fdm a&nbsp;v\u0161eobecne prospe\u0161n\u00fdm z\u00e1ujmom. P\u00f4da je garantom uhl\u00edkovej neutrality a&nbsp;zabezpe\u010denia klimatickej stability pri udr\u017eate\u013enom hospod\u00e1ren\u00ed s&nbsp;p\u00f4dou, da\u017e\u010fov\u00fdmi vodami a&nbsp;\u0161trukt\u00farami krajiny.<\/p>\n\n\n\n<p><strong>Certifika\u010dn\u00fd syst\u00e9m vytv\u00e1ra unik\u00e1tnu pr\u00edle\u017eitos\u0165 na prepojenie obhospodarovate\u013eov a&nbsp;u\u017e\u00edvate\u013eov p\u00f4dy<\/strong>, ktor\u00ed vedia zabezpe\u010di\u0165 z\u00e1chyty CO<sub>2<\/sub> na p\u00f4de, chr\u00e1ni\u0165 p\u00f4dny organick\u00fd uhl\u00edk v&nbsp;p\u00f4de, podpori\u0165 obnovu biodiverzity a&nbsp;ekosyst\u00e9mov\u00fdch slu\u017eieb p\u00f4dy a&nbsp;krajiny <strong>a&nbsp;investorov, firiem, subjektov verejnej spr\u00e1vy<\/strong>, ktor\u00e9 potrebuj\u00fa zabezpe\u010di\u0165 plnenie zelen\u00fdch cie\u013eov, cie\u013eov uhl\u00edkovej neutrality a&nbsp;klimatickej stability, na \u00farovni subjektov a&nbsp;\u00fazemia, ktor\u00e9 zastupuj\u00fa.&nbsp;&nbsp;&nbsp;&nbsp;&nbsp;<\/p>\n\n\n\n<p>MPRV SR, ktor\u00e9 je vlastn\u00edkom a&nbsp;garantom certifika\u010dn\u00e9ho syst\u00e9mu, umo\u017en\u00ed, aby sa zmluvn\u00e9 z\u00e1v\u00e4zky v&nbsp;certifika\u010dnom syst\u00e9me mohli za\u010da\u0165 uzatv\u00e1ra\u0165 u\u017e od za\u010diatku marca 2023 v&nbsp;r\u00e1mci \u0161tartovacej f\u00e1zy certifika\u010dn\u00e9ho syst\u00e9mu. Bli\u017e\u0161ie inform\u00e1cie o&nbsp;vstupe do certifika\u010dn\u00e9ho syst\u00e9mu s\u00fa na <strong>tejto linke.<\/strong><\/p>\n\n\n\n<p>Certifika\u010dn\u00fd syst\u00e9m Uhl\u00edkov\u00e1 a&nbsp;vodn\u00e1 banka predstavuje unik\u00e1tny a&nbsp;inovat\u00edvny syst\u00e9m certifik\u00e1cie, ktor\u00fd z\u00edskava medzin\u00e1rodn\u00e9 uznanie. Umo\u017e\u0148uje zabezpe\u010di\u0165 Slovensku plynul\u00e9 plnenie medzin\u00e1rodn\u00fdch enviro-klimatick\u00fdch z\u00e1v\u00e4zkov. Je nov\u00fdm hospod\u00e1rskym impulzom pre rozvoj regi\u00f3nov Slovenska, udr\u017eate\u013en\u00fd rozvoj obc\u00ed miest a vidieka.&nbsp;&nbsp;<\/p>\n","protected":false},"excerpt":{"rendered":"<p>Certifika\u010dn\u00fd syst\u00e9m Uhl\u00edkov\u00e1 a&nbsp;vodn\u00e1 banka predstavuje syst\u00e9mov\u00fd n\u00e1stroj pre udr\u017eanie a obnovu ekosyst\u00e9mov\u00fdch slu\u017eieb p\u00f4dy a&nbsp;krajiny, uhl\u00edkov\u00e9 po\u013enohospod\u00e1rstvo a&nbsp;zvy\u0161ovanie vodoz\u00e1dr\u017enej kapacity p\u00f4dy a&nbsp;\u0161trukt\u00far krajiny. Verejn\u00fdm z\u00e1ujmom je, aby ka\u017ed\u00e1 parcela bola dobre udr\u017eiavan\u00e1, udr\u017eate\u013ene obhospodarovan\u00e1 tak, aby p\u00f4da bola zdrav\u00e1 a prin\u00e1\u0161ala produk\u010dn\u00e9, ako aj ekosyst\u00e9mov\u00e9 \u00fa\u017eitky s\u00fa\u010dasne. Certifika\u010dn\u00fd syst\u00e9m podporuje \u00fasilie u\u017e\u00edvate\u013ea p\u00f4dy, tak&#8230;<\/p>\n","protected":false},"author":1,"featured_media":0,"parent":155,"menu_order":3,"comment_status":"closed","ping_status":"closed","template":"","meta":{"footnotes":""},"class_list":["post-161","page","type-page","status-publish","hentry"],"jetpack_sharing_enabled":true,"_links":{"self":[{"href":"https:\/\/in.vodapoda.eu\/index.php\/wp-json\/wp\/v2\/pages\/161","targetHints":{"allow":["GET"]}}],"collection":[{"href":"https:\/\/in.vodapoda.eu\/index.php\/wp-json\/wp\/v2\/pages"}],"about":[{"href":"https:\/\/in.vodapoda.eu\/index.php\/wp-json\/wp\/v2\/types\/page"}],"author":[{"embeddable":true,"href":"https:\/\/in.vodapoda.eu\/index.php\/wp-json\/wp\/v2\/users\/1"}],"replies":[{"embeddable":true,"href":"https:\/\/in.vodapoda.eu\/index.php\/wp-json\/wp\/v2\/comments?post=161"}],"version-history":[{"count":11,"href":"https:\/\/in.vodapoda.eu\/index.php\/wp-json\/wp\/v2\/pages\/161\/revisions"}],"predecessor-version":[{"id":691,"href":"https:\/\/in.vodapoda.eu\/index.php\/wp-json\/wp\/v2\/pages\/161\/revisions\/691"}],"up":[{"embeddable":true,"href":"https:\/\/in.vodapoda.eu\/index.php\/wp-json\/wp\/v2\/pages\/155"}],"wp:attachment":[{"href":"https:\/\/in.vodapoda.eu\/index.php\/wp-json\/wp\/v2\/media?parent=161"}],"curies":[{"name":"wp","href":"https:\/\/api.w.org\/{rel}","templated":true}]}}