{"id":165,"date":"2022-12-19T22:30:33","date_gmt":"2022-12-19T21:30:33","guid":{"rendered":"https:\/\/in.vodapoda.eu\/?page_id=165"},"modified":"2023-02-13T22:23:46","modified_gmt":"2023-02-13T21:23:46","slug":"a-6-5-skolenia-a-trening","status":"publish","type":"page","link":"https:\/\/in.vodapoda.eu\/index.php\/a-6-ako-na-to\/a-6-5-skolenia-a-trening\/","title":{"rendered":"U\u017eito\u010dn\u00e9 \u0161kolenia a tr\u00e9ning"},"content":{"rendered":"\n<p>Na tomto mieste s\u00fa k&nbsp;dispoz\u00edcii inform\u00e1cie o&nbsp;potrebn\u00fdch tematick\u00fdch skupin\u00e1ch \u0161kolen\u00ed a&nbsp;tr\u00e9ningov, ktor\u00e9 V\u00e1m umo\u017enia z\u00edska\u0165 potrebn\u00e9 inform\u00e1cie a&nbsp;zru\u010dnosti v&nbsp;oblasti integrovan\u00e9ho mana\u017ementu vodn\u00fdch zdrojov a&nbsp;p\u00f4dneho fondu, v&nbsp;oblasti pr\u00edpravy a&nbsp;realiz\u00e1cie r\u00f4znych typov adapta\u010dn\u00fdch opatren\u00ed, v&nbsp;oblasti zapojenia sa do certifika\u010dn\u00e9ho syst\u00e9mu Uhl\u00edkov\u00e1 a&nbsp;vodn\u00e1 banka, v&nbsp;oblasti obehov\u00e9ho bio-hospod\u00e1rstva, ako aj do syst\u00e9mu podpory adapt\u00e1cie \u0161trukt\u00fary krajiny na zmenu kl\u00edmy a&nbsp;zlep\u0161enia mana\u017ementu da\u017e\u010fov\u00fdch v\u00f4d vo Va\u0161om regi\u00f3ne, obci, meste. Tak v&nbsp;extravil\u00e1noch, ako aj v&nbsp;intravil\u00e1noch miest a obc\u00ed. \u0160kolenia a&nbsp;tr\u00e9ningy poskytn\u00fa potrebn\u00fa podporu v&nbsp;oblasti zav\u00e1dzania integrovan\u00e9ho lok\u00e1lneho vodn\u00e9ho, p\u00f4dneho a&nbsp;klimatick\u00e9ho pl\u00e1novania do praxe, rovnako aj pre be\u017en\u00fa prax obhospodarovania p\u00f4dy a&nbsp;individu\u00e1lne potreby.&nbsp;&nbsp;&nbsp; &nbsp;&nbsp;&nbsp;&nbsp;<\/p>\n\n\n\n<p>Podrobnej\u0161ie inform\u00e1cie o&nbsp;konkr\u00e9tnych t\u00e9mach, term\u00ednoch a&nbsp;miestach \u0161kolen\u00ed a&nbsp;tr\u00e9ningov s\u00fa <strong><a href=\"https:\/\/edu.vodapoda.eu\/login\/index.php\">na tejto linke<\/a>.<\/strong><\/p>\n\n\n\n<p>Ak ste lektor, expert, absolvent vysokej \u0161koly, projektant alebo zhotovite\u013e adapta\u010dn\u00fdch opatren\u00ed&nbsp; a&nbsp;m\u00e1te z\u00e1ujem poskytn\u00fa\u0165 vedomosti, svoje sk\u00fasenosti a&nbsp;slu\u017eby v&nbsp;tejto oblasti kontaktujte n\u00e1s <strong>na tejto linke.&nbsp;<\/strong><\/p>\n","protected":false},"excerpt":{"rendered":"<p>Na tomto mieste s\u00fa k&nbsp;dispoz\u00edcii inform\u00e1cie o&nbsp;potrebn\u00fdch tematick\u00fdch skupin\u00e1ch \u0161kolen\u00ed a&nbsp;tr\u00e9ningov, ktor\u00e9 V\u00e1m umo\u017enia z\u00edska\u0165 potrebn\u00e9 inform\u00e1cie a&nbsp;zru\u010dnosti v&nbsp;oblasti integrovan\u00e9ho mana\u017ementu vodn\u00fdch zdrojov a&nbsp;p\u00f4dneho fondu, v&nbsp;oblasti pr\u00edpravy a&nbsp;realiz\u00e1cie r\u00f4znych typov adapta\u010dn\u00fdch opatren\u00ed, v&nbsp;oblasti zapojenia sa do certifika\u010dn\u00e9ho syst\u00e9mu Uhl\u00edkov\u00e1 a&nbsp;vodn\u00e1 banka, v&nbsp;oblasti obehov\u00e9ho bio-hospod\u00e1rstva, ako aj do syst\u00e9mu podpory adapt\u00e1cie \u0161trukt\u00fary krajiny na zmenu kl\u00edmy&#8230;<\/p>\n","protected":false},"author":1,"featured_media":0,"parent":155,"menu_order":5,"comment_status":"closed","ping_status":"closed","template":"","meta":{"footnotes":""},"class_list":["post-165","page","type-page","status-publish","hentry"],"jetpack_sharing_enabled":true,"_links":{"self":[{"href":"https:\/\/in.vodapoda.eu\/index.php\/wp-json\/wp\/v2\/pages\/165","targetHints":{"allow":["GET"]}}],"collection":[{"href":"https:\/\/in.vodapoda.eu\/index.php\/wp-json\/wp\/v2\/pages"}],"about":[{"href":"https:\/\/in.vodapoda.eu\/index.php\/wp-json\/wp\/v2\/types\/page"}],"author":[{"embeddable":true,"href":"https:\/\/in.vodapoda.eu\/index.php\/wp-json\/wp\/v2\/users\/1"}],"replies":[{"embeddable":true,"href":"https:\/\/in.vodapoda.eu\/index.php\/wp-json\/wp\/v2\/comments?post=165"}],"version-history":[{"count":8,"href":"https:\/\/in.vodapoda.eu\/index.php\/wp-json\/wp\/v2\/pages\/165\/revisions"}],"predecessor-version":[{"id":752,"href":"https:\/\/in.vodapoda.eu\/index.php\/wp-json\/wp\/v2\/pages\/165\/revisions\/752"}],"up":[{"embeddable":true,"href":"https:\/\/in.vodapoda.eu\/index.php\/wp-json\/wp\/v2\/pages\/155"}],"wp:attachment":[{"href":"https:\/\/in.vodapoda.eu\/index.php\/wp-json\/wp\/v2\/media?parent=165"}],"curies":[{"name":"wp","href":"https:\/\/api.w.org\/{rel}","templated":true}]}}