{"id":318,"date":"2023-01-06T00:17:13","date_gmt":"2023-01-05T23:17:13","guid":{"rendered":"https:\/\/in.vodapoda.eu\/?page_id=318"},"modified":"2023-02-14T20:52:29","modified_gmt":"2023-02-14T19:52:29","slug":"zdroje-financovania","status":"publish","type":"page","link":"https:\/\/in.vodapoda.eu\/index.php\/zdroje-financovania\/","title":{"rendered":"Zdroje financovania"},"content":{"rendered":"\n<p class=\"has-medium-font-size\"><strong>Spolo\u010dn\u00e1 po\u013enohospod\u00e1rska politika 2023-27<\/strong><\/p>\n\n\n\n<p><strong>Intervencie I. piliera<\/strong><\/p>\n\n\n\n<p>Priame platby sa po\u013enohospod\u00e1rom v r\u00e1mci Spolo\u010dnej po\u013enohospod\u00e1rskej politiky E\u00da (SPP) poskytuj\u00fa na z\u00e1klade splnenia dobr\u00fdch po\u013enohospod\u00e1rskych a environment\u00e1lnych podmienok (GAEC &#8211; Good Agricultural and Environmental Conditions), ktor\u00e9 skr\u00e1tene m\u00f4\u017eeme nazva\u0165 ako z\u00e1kladn\u00e9 kondicionality. <a href=\"https:\/\/mpsr.sk\/rozvoj-vidieka-a-priame-platby-rybne-hospodarstvo\/priame-platby-a-kondicionalita-2023-2027\/47-43-1569\" target=\"_blank\" rel=\"noreferrer noopener\">Priame platby a kondicionalita<\/a> S\u00fa\u010das\u0165ou intervencii I. piliera s\u00fa aj <a href=\"https:\/\/mpsr.sk\/rozvoj-vidieka-a-priame-platby-rybne-hospodarstvo\/eko-schemy\/47-43-1570\" target=\"_blank\" rel=\"noreferrer noopener\">Eko-sch\u00e9my<\/a><\/p>\n\n\n\n<p><strong>Intervencie II. piliera<\/strong><\/p>\n\n\n\n<p>Druh\u00fd pilier SPP podporuje rozvoja vidieka E\u00da. Je ur\u010den\u00fd na podporu vidieckych oblast\u00ed \u00danie a&nbsp;rie\u0161enie \u0161irok\u00e9ho spektra hospod\u00e1rskych, environment\u00e1lnych a&nbsp;spolo\u010densk\u00fdch v\u00fdziev 21.&nbsp;storo\u010dia. Vy\u0161\u0161\u00ed stupe\u0148 flexibility (v&nbsp;porovnan\u00ed s&nbsp;prv\u00fdm pilierom) umo\u017e\u0148uje region\u00e1lnym, \u0161t\u00e1tnym a&nbsp;miestnym org\u00e1nom vypracova\u0165 svoje individu\u00e1lne viacro\u010dn\u00e9 programy rozvoja vidieka na z\u00e1klade tzv. eur\u00f3pskej ponuky opatren\u00ed. Na rozdiel od prv\u00e9ho piliera, ktor\u00fd je v&nbsp;plnej miere financovan\u00fd z&nbsp;E\u00da, s\u00fa programy v&nbsp;r\u00e1mci druh\u00e9ho piliera spolufinancovan\u00e9 z&nbsp;fondov E\u00da a&nbsp;region\u00e1lnych alebo n\u00e1rodn\u00fdch fondov. Preh\u013ead intervenci\u00ed v r\u00e1mci II. piliera popisuje Farm\u00e1rsky manu\u00e1l SPP 2023-27<\/p>\n\n\n\n<p>Implement\u00e1ciu SPP zabezpe\u010duje MPRV SR (Sekcia 600 ako riadiaci org\u00e1n SPP) a P\u00f4dohospod\u00e1rska platobn\u00e1 agent\u00fara <a href=\"https:\/\/www.apa.sk\/\">(PPA)<\/a>, ktor\u00e1 zverej\u0148uje jednotliv\u00e9 v\u00fdzvy, zabezpe\u010duje kontrolu a platby. Stru\u010dn\u00fd preh\u013ead intervenci\u00ed I. aj II. piliera SPP na roky 2023-27 je k dispoz\u00edcii v r\u00e1mci publik\u00e1cie &#8211; <a href=\"https:\/\/in.vodapoda.eu\/wp-content\/uploads\/2023\/01\/farmarsky_manual_spp_2023_-_2027-1.pdf\">Farm\u00e1rsky manu\u00e1l SPP 2023-27<\/a> <\/p>\n\n\n\n\t<hr class=\"idsk-hr-separator govuk-!-margin-bottom-6\" \/>\n\n\t\n\n\n<p><strong>V\u00fdzva na podporu realiz\u00e1cie spolo\u010dn\u00fdch zariaden\u00ed a opatren\u00ed<\/strong><\/p>\n\n\n\n<p><a href=\"https:\/\/www.apa.sk\/aktualne-vyzvy\" data-type=\"URL\" data-id=\"https:\/\/www.apa.sk\/aktualne-vyzvy\">V\u00fdzva \u010d. 60\/PRV\/2022 pre podopatrenie 4.3<\/a> &#8211; Podpora na invest\u00edcie do infra\u0161trukt\u00fary s\u00favisiacej s v\u00fdvojom, moderniz\u00e1ciou alebo a prisp\u00f4soben\u00edm po\u013enohospod\u00e1rstva a lesn\u00e9ho hospod\u00e1rstva, oper\u00e1cia: Vybudovanie spolo\u010dn\u00fdch zariaden\u00ed a opatren\u00ed. Uveden\u00e1 v\u00fdzva je financovan\u00e1 zo zdrojov prechodn\u00e9ho obdobia (2021-22) SPP vo v\u00fd\u0161ke 55 mili\u00f3nov \u20ac. Umo\u017e\u0148uje z\u00edska\u0165 miestnej \u00fazemnej samospr\u00e1ve podporu vo v\u00fd\u0161ke 10 tis. \u20ac a\u017e 1,5 mil. \u20ac na projekt realiz\u00e1cie spolo\u010dn\u00fdch zariaden\u00ed a opatren\u00ed v obci kde u\u017e prebehli pozemkov\u00e9 \u00fapravy. Spolo\u010dn\u00e9 zariadenia a opatrenia je mo\u017en\u00e9 realizova\u0165 na ploch\u00e1ch vo vlastn\u00edctve obc\u00ed a miest, ktor\u00e9 boli v r\u00e1mci projektov pozemkov\u00fdch \u00faprav ur\u010den\u00e9 na realiz\u00e1ciu t\u00fdchto opatren\u00ed. <\/p>\n\n\n\n<p><a href=\"https:\/\/www.mpsr.sk\/zoznam-ukoncenych-projektov-pozemkovych-uprav-k-15-08-2022-usporiadanie-podla-krajov-okresov-obci-a-katastralnych-uzemi-v-sr\/22-23-22-18309\/\" data-type=\"URL\" data-id=\"https:\/\/www.mpsr.sk\/zoznam-ukoncenych-projektov-pozemkovych-uprav-k-15-08-2022-usporiadanie-podla-krajov-okresov-obci-a-katastralnych-uzemi-v-sr\/22-23-22-18309\/\">Zoznam obc\u00ed, ktor\u00e9 sa m\u00f4\u017eu zapoji\u0165 do tejto v\u00fdzvy<\/a> &#8211; ide o obce, kde u\u017e prebehli pozemkov\u00e9 \u00fapravy. <\/p>\n\n\n\n<p><\/p>\n\n\n\n\t<hr class=\"idsk-hr-separator govuk-!-margin-bottom-6\" \/>\n\n\t\n\n\n<p><strong>Certifika\u010dn\u00fd syst\u00e9m Uhl\u00edkov\u00e1 a&nbsp;vodn\u00e1 banka<\/strong><\/p>\n\n\n\n<p>Certifika\u010dn\u00fd syst\u00e9m Uhl\u00edkov\u00e1 a vodn\u00e1 banka vznikol v roku 2022. Jeho cie\u013eom je podpori\u0165 u\u017e\u00edvate\u013eov p\u00f4dy za udr\u017eate\u013en\u00e9 obhospodarovanie p\u00f4dy pri ktorom doch\u00e1dza k obnove p\u00f4dnej biol\u00f3gie, k zvy\u0161ovaniu obsahu organick\u00e9ho materi\u00e1lu na p\u00f4de, k zvy\u0161ovaniu vodoz\u00e1dr\u017enej kapacity p\u00f4dy a \u0161trukt\u00far krajiny. V roku 2023 vstupuje certifika\u010dn\u00fd syst\u00e9m do svojej pilotnej f\u00e1zy kedy okrem metodick\u00e9ho dopracovania d\u00f4jde ak k realiz\u00e1cii modelov\u00fdch adapta\u010dn\u00fdch opatren\u00ed a k poskytnutiu podpory na pilotn\u00fdch lokalit\u00e1ch, tak za adapta\u010dn\u00e9 ako aj mana\u017ementov\u00e9 opatrenia. Certifika\u010dn\u00fd syst\u00e9m <strong>zabezpe\u010duje implement\u00e1ciu politiky uhl\u00edkov\u00e9ho po\u013enohospod\u00e1rstva<\/strong> ako n\u00e1rodn\u00fd certifika\u010dn\u00fd syst\u00e9m pre z\u00e1chyty CO<sub>2<\/sub>. Certifika\u010dn\u00fd syst\u00e9m <strong>d\u00e1va d\u00f4raz aj na dobr\u00fd mana\u017ement da\u017e\u010fov\u00fdch v\u00f4d.<\/strong> Udr\u017eate\u013en\u00fd mana\u017ement p\u00f4dy a da\u017e\u010fov\u00fdch v\u00f4d, ako aj adapt\u00e1cia \u0161trukt\u00fary krajiny na zmeny kl\u00edmy v\u00fdrazne napom\u00e1haj\u00fa redukcii riz\u00edk povodn\u00ed a sucha, prispievaj\u00fa k ozdravovaniu kl\u00edmy. Ka\u017ed\u00fd u\u017e\u00edvate\u013e p\u00f4dy (rovnako aj jej vlastn\u00edk a spoluvlastn\u00edk), \u010di je to p\u00f4da v lesoch, po\u013enohospod\u00e1rska p\u00f4da alebo p\u00f4da v zastavanom \u00fazem\u00ed sa bude m\u00f4c\u0165 zapoji\u0165 do certifika\u010dn\u00e9ho syst\u00e9mu. Bude si m\u00f4c\u0165 zalo\u017ei\u0165 \u00fa\u010det v uhl\u00edkovej a vodnej banke.<\/p>\n\n\n\n<p>Certifika\u010dn\u00fd syst\u00e9m <strong>je s\u00fa\u010dasne realiza\u010dn\u00fd n\u00e1stroj \u0161t\u00e1tnej politiky v oblasti ochrany p\u00f4dy<\/strong>, ktor\u00fdm podporuje oce\u0148ovanie a financovanie ekosyst\u00e9mov\u00fdch slu\u017eieb p\u00f4dy a krajiny. Ka\u017ed\u00fd m<sup>2<\/sup>, \u00e1r alebo hekt\u00e1r p\u00f4dy m\u00e1 svoj podiel, ktor\u00fdm prispieva k spolo\u010dn\u00fdm funkci\u00e1m ekosyst\u00e9mov krajiny, k obehu vody a stabilite kl\u00edme. Preto je verejn\u00fdm z\u00e1ujmom, aby sa ka\u017ed\u00e1 parcela podie\u013eala na zabezpe\u010dovan\u00ed t\u00fdchto ekosyst\u00e9mov\u00fdch slu\u017eieb, \u010do je mo\u017en\u00e9 dosiahnu\u0165 realiz\u00e1ciou udr\u017eate\u013en\u00fdch adapta\u010dn\u00fdch alebo mana\u017ementov\u00fdch opatren\u00ed, rovnako aj prijat\u00edm dobr\u00fdch rozhodnut\u00ed pri pl\u00e1novan\u00ed zmeny vyu\u017e\u00edvania p\u00f4dy. Z uveden\u00e9ho d\u00f4vodu vznikol tento certifika\u010dn\u00fd syst\u00e9m, ako \u00fa\u010dinn\u00fd podporn\u00fd a motiva\u010dn\u00fd n\u00e1stroj pre u\u017e\u00edvate\u013eov p\u00f4dy a vlastn\u00edkov parciel. Viac inform\u00e1ci\u00ed o certifika\u010dnom syst\u00e9me je na <a href=\"https:\/\/in.vodapoda.eu\/index.php\/informacie\/a-6-ako-na-to\/a-6-3-zapojenie-sa-do-certifikacneho-systemu-uhlikova-a-vodna-banka\/\" data-type=\"URL\" data-id=\"https:\/\/in.vodapoda.eu\/index.php\/informacie\/a-6-ako-na-to\/a-6-3-zapojenie-sa-do-certifikacneho-systemu-uhlikova-a-vodna-banka\/\">tomto mieste.<\/a><\/p>\n","protected":false},"excerpt":{"rendered":"<p>Spolo\u010dn\u00e1 po\u013enohospod\u00e1rska politika 2023-27 Intervencie I. piliera Priame platby sa po\u013enohospod\u00e1rom v r\u00e1mci Spolo\u010dnej po\u013enohospod\u00e1rskej politiky E\u00da (SPP) poskytuj\u00fa na z\u00e1klade splnenia dobr\u00fdch po\u013enohospod\u00e1rskych a environment\u00e1lnych podmienok (GAEC &#8211; Good Agricultural and Environmental Conditions), ktor\u00e9 skr\u00e1tene m\u00f4\u017eeme nazva\u0165 ako z\u00e1kladn\u00e9 kondicionality. Priame platby a kondicionalita S\u00fa\u010das\u0165ou intervencii I. piliera s\u00fa aj Eko-sch\u00e9my Intervencie II. piliera&#8230;<\/p>\n","protected":false},"author":1,"featured_media":0,"parent":0,"menu_order":0,"comment_status":"closed","ping_status":"closed","template":"","meta":{"footnotes":""},"class_list":["post-318","page","type-page","status-publish","hentry"],"jetpack_sharing_enabled":true,"_links":{"self":[{"href":"https:\/\/in.vodapoda.eu\/index.php\/wp-json\/wp\/v2\/pages\/318","targetHints":{"allow":["GET"]}}],"collection":[{"href":"https:\/\/in.vodapoda.eu\/index.php\/wp-json\/wp\/v2\/pages"}],"about":[{"href":"https:\/\/in.vodapoda.eu\/index.php\/wp-json\/wp\/v2\/types\/page"}],"author":[{"embeddable":true,"href":"https:\/\/in.vodapoda.eu\/index.php\/wp-json\/wp\/v2\/users\/1"}],"replies":[{"embeddable":true,"href":"https:\/\/in.vodapoda.eu\/index.php\/wp-json\/wp\/v2\/comments?post=318"}],"version-history":[{"count":9,"href":"https:\/\/in.vodapoda.eu\/index.php\/wp-json\/wp\/v2\/pages\/318\/revisions"}],"predecessor-version":[{"id":754,"href":"https:\/\/in.vodapoda.eu\/index.php\/wp-json\/wp\/v2\/pages\/318\/revisions\/754"}],"wp:attachment":[{"href":"https:\/\/in.vodapoda.eu\/index.php\/wp-json\/wp\/v2\/media?parent=318"}],"curies":[{"name":"wp","href":"https:\/\/api.w.org\/{rel}","templated":true}]}}