{"id":339,"date":"2023-01-06T01:15:15","date_gmt":"2023-01-06T00:15:15","guid":{"rendered":"https:\/\/in.vodapoda.eu\/?page_id=339"},"modified":"2023-02-07T09:11:43","modified_gmt":"2023-02-07T08:11:43","slug":"adaptivna-obnova-a-manazment-odvodnovacich-kanalov-v-sprave-hm-s-p-navrat-vody-do-krajiny","status":"publish","type":"page","link":"https:\/\/in.vodapoda.eu\/index.php\/a-6-ako-na-to\/adaptivna-obnova-a-manazment-odvodnovacich-kanalov-v-sprave-hm-s-p-navrat-vody-do-krajiny\/","title":{"rendered":"Adapt\u00edvna obnova a mana\u017ement odvod\u0148ovac\u00edch kan\u00e1lov v\u00a0spr\u00e1ve HM, \u0161.p. \u2013 n\u00e1vrat vody do krajiny"},"content":{"rendered":"\n<p>Nie je to tak d\u00e1vno ke\u010f bola na Slovensku vybudovan\u00e1 roz\u013eahl\u00e1 sie\u0165 odvod\u0148ovac\u00edch kan\u00e1lov za \u00fa\u010delom zv\u00fd\u0161enia v\u00fdmery p\u00f4dy pre po\u013enohospod\u00e1rsku produkciu. S\u00fa\u010dasne s\u00a0odvod\u0148ovacou sie\u0165ou bolo potrebn\u00e9 dobudova\u0165 sie\u0165 kan\u00e1lov pre z\u00e1vlahov\u00fa vodu. Syst\u00e9m budovan\u00fd od 50-t\u00fdch rokov do za\u010diatku 90-t\u00fdch rokov XX. storo\u010dia priniesol v\u00fdznamn\u00fd z\u00e1sah do hydrol\u00f3gie, biodiverzity a\u00a0klimatickej odozvy krajiny. <strong>Dnes v\u0161ak k\u00a0mana\u017ementu vody a\u00a0p\u00f4dy pristupujeme integrovane a\u00a0preto vybudovan\u00fa sie\u0165 odvod\u0148ovac\u00edch kan\u00e1lov potrebujeme postupne adaptova\u0165<\/strong> tak, aby neodv\u00e1dzali zbyto\u010dne vn\u00fatorne vody z\u00a0po\u013enohospod\u00e1rskej krajiny. Jednotliv\u00e9 \u00faseky odvod\u0148ovac\u00edch kan\u00e1lov potrebujeme prehodnoti\u0165 aj z\u00a0h\u013eadiska vyu\u017eitia, doplnenia vodoz\u00e1dr\u017en\u00fdch opatren\u00ed, ako aj z\u00a0h\u013eadiska \u00fadr\u017eby brehovej veget\u00e1cie. <strong>Cie\u013eom je \u010do najlep\u0161ie zos\u00faladi\u0165 potreby zadr\u017eania vody v\u00a0krajine, po\u013enohospod\u00e1rskej produkcie a posilnenia biodiverzity i\u00a0ekologickej stability krajiny<\/strong> v\u00a0\u010dom l\u00edniov\u00fd charakter odvod\u0148ovac\u00edch kan\u00e1lov je ve\u013ek\u00fd pr\u00ednosn\u00fd. V\u00a0n\u00ed\u017einat\u00fdch \u00fazemiach vieme geometricky jednoducho \u010dleni\u0165 (prie\u010dne, pozd\u013a\u017ene) kult\u00farne bloky obhospodarovanej p\u00f4dy na men\u0161ie, \u010do sa d\u00e1 vyu\u017ei\u0165 aj pri plnen\u00ed po\u017eiadaviek v\u00a0r\u00e1mci ekosch\u00e9m. Vo svahovitom \u00fazem\u00ed naopak prihliadame na morfol\u00f3giu ter\u00e9nu a\u00a0vrstevnicov\u00e9 syst\u00e9my obhospodarovania p\u00f4dy, zadr\u017eania a\u00a0zdr\u017eania vody v\u00a0krajine, \u010d\u00edm tie\u017e vieme roz\u010dleni\u0165 ve\u013ek\u00e9 kult\u00farne bloky obhospodarovanej p\u00f4dy na men\u0161ie.<\/p>\n\n\n\n<p>Podrobnej\u0161ie Inform\u00e1cie o&nbsp;mo\u017enostiach zapojenia sa do adapt\u00e1cie odvod\u0148ovac\u00edch kan\u00e1lov a&nbsp;syst\u00e9mov s\u00fa &nbsp;k&nbsp;dispoz\u00edcii na internetovej str\u00e1nke \u0161t\u00e1tneho podniku Hydromelior\u00e1cie <strong>na tejto linke<\/strong>. \u0160t\u00e1tny podnik pre tento \u00fa\u010del zabezpe\u010dil vypracovanie metodiky adapt\u00edvnej obnovy a mana\u017ementu odvod\u0148ovac\u00edch kan\u00e1lov.&nbsp;&nbsp;&nbsp;&nbsp;&nbsp; &nbsp;&nbsp;&nbsp;&nbsp;&nbsp;<\/p>\n\n\n\n<p>D\u0148a 14. decembra 2022 bol na zasadnut\u00ed Vl\u00e1dy SR uznesen\u00edm \u010d\u00edslo 784\/2022 schv\u00e1len\u00fd odborn\u00fd materi\u00e1l \u201e<strong>S\u00fabor opatren\u00ed v oblasti hydromelior\u00e1ci\u00ed pre adapt\u00e1ciu na zmenu kl\u00edmy a obnovu infra\u0161trukt\u00fary z\u00e1vlah na Slovensku<\/strong>\u201c. Materi\u00e1l detailne popisuje cel\u00e9 skupiny opatren\u00ed pre oblas\u0165 hydromelior\u00e1cii na n\u00e1vrat vody do krajiny. &nbsp;Materi\u00e1l je dostupn\u00fd na tejto linke <a href=\"https:\/\/rokovania.gov.sk\/RVL\/Material\/27888\/2\">https:\/\/rokovania.gov.sk\/RVL\/Material\/27888\/2<\/a><strong> &nbsp;&nbsp;&nbsp;&nbsp;<\/strong><\/p>\n","protected":false},"excerpt":{"rendered":"<p>Nie je to tak d\u00e1vno ke\u010f bola na Slovensku vybudovan\u00e1 roz\u013eahl\u00e1 sie\u0165 odvod\u0148ovac\u00edch kan\u00e1lov za \u00fa\u010delom zv\u00fd\u0161enia v\u00fdmery p\u00f4dy pre po\u013enohospod\u00e1rsku produkciu. S\u00fa\u010dasne s\u00a0odvod\u0148ovacou sie\u0165ou bolo potrebn\u00e9 dobudova\u0165 sie\u0165 kan\u00e1lov pre z\u00e1vlahov\u00fa vodu. Syst\u00e9m budovan\u00fd od 50-t\u00fdch rokov do za\u010diatku 90-t\u00fdch rokov XX. storo\u010dia priniesol v\u00fdznamn\u00fd z\u00e1sah do hydrol\u00f3gie, biodiverzity a\u00a0klimatickej odozvy krajiny. Dnes v\u0161ak&#8230;<\/p>\n","protected":false},"author":1,"featured_media":0,"parent":155,"menu_order":8,"comment_status":"closed","ping_status":"closed","template":"","meta":{"footnotes":""},"class_list":["post-339","page","type-page","status-publish","hentry"],"jetpack_sharing_enabled":true,"_links":{"self":[{"href":"https:\/\/in.vodapoda.eu\/index.php\/wp-json\/wp\/v2\/pages\/339","targetHints":{"allow":["GET"]}}],"collection":[{"href":"https:\/\/in.vodapoda.eu\/index.php\/wp-json\/wp\/v2\/pages"}],"about":[{"href":"https:\/\/in.vodapoda.eu\/index.php\/wp-json\/wp\/v2\/types\/page"}],"author":[{"embeddable":true,"href":"https:\/\/in.vodapoda.eu\/index.php\/wp-json\/wp\/v2\/users\/1"}],"replies":[{"embeddable":true,"href":"https:\/\/in.vodapoda.eu\/index.php\/wp-json\/wp\/v2\/comments?post=339"}],"version-history":[{"count":3,"href":"https:\/\/in.vodapoda.eu\/index.php\/wp-json\/wp\/v2\/pages\/339\/revisions"}],"predecessor-version":[{"id":726,"href":"https:\/\/in.vodapoda.eu\/index.php\/wp-json\/wp\/v2\/pages\/339\/revisions\/726"}],"up":[{"embeddable":true,"href":"https:\/\/in.vodapoda.eu\/index.php\/wp-json\/wp\/v2\/pages\/155"}],"wp:attachment":[{"href":"https:\/\/in.vodapoda.eu\/index.php\/wp-json\/wp\/v2\/media?parent=339"}],"curies":[{"name":"wp","href":"https:\/\/api.w.org\/{rel}","templated":true}]}}